{"id":841,"date":"2024-02-19T15:52:36","date_gmt":"2024-02-19T15:52:36","guid":{"rendered":"https:\/\/gravux.de\/?post_type=product&#038;p=841"},"modified":"2024-02-26T17:01:21","modified_gmt":"2024-02-26T17:01:21","slug":"rechteckiges-schild-mit-2-schraubloechern","status":"publish","type":"product","link":"https:\/\/gravux.de\/en\/product\/rechteckiges-schild-mit-2-schraubloechern\/","title":{"rendered":"Door signs without facet 1.0-1.5 mm - thick"},"content":{"rendered":"<p>&nbsp;<\/p>\n<ul>\n<li class=\"flex-1 overflow-hidden\">Variants available in various sizes, including 50 x 20 x 1 mm to 180 x 60 x 1.5 mm<\/li>\n<li class=\"flex-1 overflow-hidden\">Rectangular shape for versatile applications<\/li>\n<li class=\"flex-1 overflow-hidden\">Made from polished brass for a sophisticated appearance<\/li>\n<li class=\"flex-1 overflow-hidden\">Standard version with 2 pre-drilled screw holes for easy installation<\/li>\n<li class=\"flex-1 overflow-hidden\">Provided with protective varnish for long-lasting protection against corrosion and wear<\/li>\n<li class=\"flex-1 overflow-hidden\">Possibility for individual design and customization in the online shop<\/li>\n<\/ul>\n<p>&nbsp;<\/p>\n<p><strong>Further dimensions:\u00a0<\/strong><\/p>\n<ul>\n<li>50x20x1mm<\/li>\n<li>60x20x1mm<\/li>\n<li>70x20x1mm<\/li>\n<li>70x25x1mm<\/li>\n<li>70x30x1mm<\/li>\n<li>80x30x1mm<\/li>\n<li>90x30x1mm<\/li>\n<li>100x40x1.5mm<\/li>\n<li>120x40x1.5mm<\/li>\n<li>140x50x1.5mm<\/li>\n<li>150x60x1.5mm<\/li>\n<li>180x60x1.5mm<\/li>\n<\/ul>\n<p>&nbsp;<\/p>\n<div class=\"react-scroll-to-bottom--css-nzrax-79elbk h-full\">\n<div class=\"react-scroll-to-bottom--css-nzrax-1n7m0yu\">\n<div class=\"flex flex-col pb-9 text-sm\">\n<div class=\"w-full text-token-text-primary\" data-testid=\"conversation-turn-52\">\n<div class=\"px-4 py-2 justify-center text-base md:gap-6 m-auto\">\n<div class=\"flex flex-1 text-base mx-auto gap-3 md:px-5 lg:px-1 xl:px-5 md:max-w-3xl lg:max-w-[40rem] xl:max-w-[48rem] group final-completion\">\n<div class=\"relative flex w-full flex-col agent-turn\">\n<div class=\"flex-col gap-1 md:gap-3\">\n<div class=\"mt-1 flex justify-start gap-3 empty:hidden\">\n<div class=\"text-gray-400 flex self-end lg:self-center justify-center lg:justify-start mt-0 -ml-1 visible\">\n<h5 class=\"flex items-center gap-1.5 text-xs\">Discover the exclusivity of our rectangular sign, which shines in a brilliant gold tone and is refined with a shiny high-gloss finish. Thanks to our intuitive and user-friendly online shop, you have the opportunity to design this product according to your individual ideas and needs. Whether you want to use it as an elegant door sign for your home, as a lovingly designed gift for a special occasion or as a professional identification sign for business purposes - this high-quality product offers you a wide range of applications and adds a luxurious touch to any room.<\/h5>\n<h5 class=\"flex items-center gap-1.5 text-xs\">There are no limits to your creativity as you can personalize the sign according to your personal preferences.<\/h5>\n<h5 class=\"flex items-center gap-1.5 text-xs\">Make your home, office or event special with this high-quality and individually designed sign and set accents with style and elegance.<\/h5>\n<\/div>\n<\/div>\n<\/div>\n<\/div>\n<\/div>\n<\/div>\n<\/div>\n<\/div>\n<\/div>\n<\/div>","protected":false},"excerpt":{"rendered":"<p>&nbsp;<\/p>\n<p>&nbsp;<\/p>","protected":false},"featured_media":854,"comment_status":"open","ping_status":"closed","template":"","meta":{"_et_pb_use_builder":"on","_et_pb_old_content":"&nbsp;\r\n<ul>\r\n \t<li class=\"flex-1 overflow-hidden\">Varianten in verschiedenen Gr\u00f6\u00dfen erh\u00e4ltlich, darunter 50 x 20 x 1 mm bis 180 x 60 x 1,5 mm<\/li>\r\n \t<li class=\"flex-1 overflow-hidden\">Rechteckige Form f\u00fcr vielseitige Anwendungsm\u00f6glichkeiten<\/li>\r\n \t<li class=\"flex-1 overflow-hidden\">Hergestellt aus poliertem Messing f\u00fcr ein edles Erscheinungsbild<\/li>\r\n \t<li class=\"flex-1 overflow-hidden\">Standardausf\u00fchrung mit 2 vorgebohrten Schraubl\u00f6chern f\u00fcr einfache Montage<\/li>\r\n \t<li class=\"flex-1 overflow-hidden\">Mit Schutzlack versehen f\u00fcr langanhaltenden Schutz vor Korrosion und Abnutzung<\/li>\r\n \t<li class=\"flex-1 overflow-hidden\">M\u00f6glichkeit zur individuellen Gestaltung und Anpassung im Online-Shop<\/li>\r\n<\/ul>\r\n&nbsp;\r\n\r\n<strong>Weitere Masse:\u00a0<\/strong>\r\n<ul>\r\n \t<li>50 x 20 x 1 mm<\/li>\r\n \t<li>60 x 20 x 1 mm<\/li>\r\n \t<li>70 x 20 x 1 mm<\/li>\r\n \t<li>70 x 25 x 1 mm<\/li>\r\n \t<li>70 x 30 x 1 mm<\/li>\r\n \t<li>80 x 30 x 1 mm<\/li>\r\n \t<li>90 x 30 x 1 mm<\/li>\r\n \t<li>100 x 40 x 1,5 mm<\/li>\r\n \t<li>120 x 40 x 1,5 mm<\/li>\r\n \t<li>140 x 50 x 1,5 mm<\/li>\r\n \t<li>150 x 60 x 1,5 mm<\/li>\r\n \t<li>180 x 60 x 1,5 mm<\/li>\r\n<\/ul>\r\n&nbsp;\r\n<div class=\"react-scroll-to-bottom--css-nzrax-79elbk h-full\">\r\n<div class=\"react-scroll-to-bottom--css-nzrax-1n7m0yu\">\r\n<div class=\"flex flex-col pb-9 text-sm\">\r\n<div class=\"w-full text-token-text-primary\" data-testid=\"conversation-turn-52\">\r\n<div class=\"px-4 py-2 justify-center text-base md:gap-6 m-auto\">\r\n<div class=\"flex flex-1 text-base mx-auto gap-3 md:px-5 lg:px-1 xl:px-5 md:max-w-3xl lg:max-w-[40rem] xl:max-w-[48rem] group final-completion\">\r\n<div class=\"relative flex w-full flex-col agent-turn\">\r\n<div class=\"flex-col gap-1 md:gap-3\">\r\n<div class=\"mt-1 flex justify-start gap-3 empty:hidden\">\r\n<div class=\"text-gray-400 flex self-end lg:self-center justify-center lg:justify-start mt-0 -ml-1 visible\">\r\n<h5 class=\"flex items-center gap-1.5 text-xs\">Entdecken Sie die Exklusivit\u00e4t unseres rechteckigen Schildes, das in einem strahlenden Goldton erstrahlt und mit einem gl\u00e4nzenden Hochglanz-Finish veredelt ist. Dank unseres intuitiven und benutzerfreundlichen Online-Shops haben Sie die M\u00f6glichkeit, dieses Produkt nach Ihren individuellen Vorstellungen und Bed\u00fcrfnissen zu gestalten.Ob Sie es als ein elegantes T\u00fcrschild f\u00fcr Ihr Zuhause, als ein liebevoll gestaltetes Geschenk f\u00fcr einen besonderen Anlass oder als ein professionelles Kennzeichnungsschild f\u00fcr gesch\u00e4ftliche Zwecke nutzen m\u00f6chten \u2013 dieses hochwertige Produkt bietet Ihnen vielf\u00e4ltige Anwendungsm\u00f6glichkeiten und verleiht jedem Raum eine luxuri\u00f6se Note.<\/h5>\r\n<h5 class=\"flex items-center gap-1.5 text-xs\">Ihre Kreativit\u00e4t kennt dabei keine Grenzen, da Sie das Schild ganz nach Ihren pers\u00f6nlichen Pr\u00e4ferenzen personalisieren k\u00f6nnen.<\/h5>\r\n<h5 class=\"flex items-center gap-1.5 text-xs\">Machen Sie Ihr Zuhause, Ihr B\u00fcro oder Ihre Veranstaltung mit diesem hochwertigen und individuell gestalteten Schild zu etwas Besonderem und setzen Sie Akzente mit Stil und Eleganz.<\/h5>\r\n<\/div>\r\n<\/div>\r\n<\/div>\r\n<\/div>\r\n<\/div>\r\n<\/div>\r\n<\/div>\r\n<\/div>\r\n<\/div>\r\n<\/div>","_et_gb_content_width":"","_joinchat":[]},"product_cat":[16,39],"product_tag":[44,41,42,40,43],"class_list":{"0":"post-841","1":"product","2":"type-product","3":"status-publish","4":"has-post-thumbnail","6":"product_cat-uncategorized","7":"product_cat-schilder","8":"product_tag-klingelschilder","9":"product_tag-rechteckiges-schild","10":"product_tag-schild-mit-lasergravur","11":"product_tag-schilder","12":"product_tag-tuerschilder","14":"first","15":"instock","16":"taxable","17":"shipping-taxable","18":"purchasable","19":"product-type-variable"},"jetpack_sharing_enabled":true,"_links":{"self":[{"href":"https:\/\/gravux.de\/en\/wp-json\/wp\/v2\/product\/841","targetHints":{"allow":["GET"]}}],"collection":[{"href":"https:\/\/gravux.de\/en\/wp-json\/wp\/v2\/product"}],"about":[{"href":"https:\/\/gravux.de\/en\/wp-json\/wp\/v2\/types\/product"}],"replies":[{"embeddable":true,"href":"https:\/\/gravux.de\/en\/wp-json\/wp\/v2\/comments?post=841"}],"wp:featuredmedia":[{"embeddable":true,"href":"https:\/\/gravux.de\/en\/wp-json\/wp\/v2\/media\/854"}],"wp:attachment":[{"href":"https:\/\/gravux.de\/en\/wp-json\/wp\/v2\/media?parent=841"}],"wp:term":[{"taxonomy":"product_cat","embeddable":true,"href":"https:\/\/gravux.de\/en\/wp-json\/wp\/v2\/product_cat?post=841"},{"taxonomy":"product_tag","embeddable":true,"href":"https:\/\/gravux.de\/en\/wp-json\/wp\/v2\/product_tag?post=841"}],"curies":[{"name":"wp","href":"https:\/\/api.w.org\/{rel}","templated":true}]}}